

{"id":120,"date":"2021-01-13T03:57:45","date_gmt":"2021-01-13T03:57:45","guid":{"rendered":"https:\/\/shthemes.net\/demosd\/logistek\/?page_id=120"},"modified":"2026-04-07T22:01:47","modified_gmt":"2026-04-07T22:01:47","slug":"about","status":"publish","type":"page","link":"https:\/\/serviciosuruguayos.uy\/en\/about\/","title":{"rendered":"About"},"content":{"rendered":"\t\t<div data-elementor-type=\"wp-page\" data-elementor-id=\"120\" class=\"elementor elementor-120\">\n\t\t\t\t\t\t<section class=\"elementor-section elementor-top-section elementor-element elementor-element-91f8399 elementor-section-full_width elementor-section-height-default elementor-section-height-default\" data-id=\"91f8399\" data-element_type=\"section\" data-e-type=\"section\">\n\t\t\t\t\t\t<div class=\"elementor-container elementor-column-gap-no\">\n\t\t\t\t\t<div class=\"elementor-column elementor-col-100 elementor-top-column elementor-element elementor-element-3b490ea\" data-id=\"3b490ea\" data-element_type=\"column\" data-e-type=\"column\">\n\t\t\t<div class=\"elementor-widget-wrap elementor-element-populated\">\n\t\t\t\t\t\t<div class=\"elementor-element elementor-element-38ce753 elementor-align-left elementor-widget elementor-widget-page-header\" data-id=\"38ce753\" data-element_type=\"widget\" data-e-type=\"widget\" data-widget_type=\"page-header.default\">\n\t\t\t\t<div class=\"elementor-widget-container\">\n\t\t\t\t\t\r\n\t\t\t\t<section class=\"page-title-section\" style=\"background-color: #f8f8f8;\r\n\t\tbackground-image: url(https:\/\/shthemes.net\/demosd\/logistek\/wp-content\/uploads\/2021\/04\/page-title-bg.jpg);\r\n\t\tcolor: #fff;\">\r\n\t\t\r\n\t\t\t<div class=\"container\">\r\n\r\n\t\t\t\t<div class=\"row\">\r\n\r\n\t\t\t\t\t<div class=\"col-xl-12 text-center\">\r\n\r\n\t\t\t\t\t\t<div class=\"page-title-content\">\r\n\r\n\t\t\t\t\t\t\t\t\t\t\t\t\t\t<h3 class=\"title text-white\">Innovaci\u00f3n que respalda cada soluci\u00f3n<\/h3>\r\n\t\t\t\t\t\t\t\r\n\t\t\t\t\t\t\t<nav aria-label=\"breadcrumb\">\r\n\r\n\t\t\t\t\t\t\t\t<ol class=\"breadcrumb\">\r\n\r\n\t\t\t\t\t\t\t\t\t<li class=\"breadcrumb-item\"><a href=\"https:\/\/serviciosuruguayos.uy\/en\/\">Home<\/a><\/li>\r\n\r\n\t\t\t\t\t\t\t\t\t\t\t\t\t\t\t\t\t\t<li class=\"breadcrumb-item active\" aria-current=\"page\">Innovaci\u00f3n que respalda cada soluci\u00f3n<\/li>\r\n\t\t\t\t\t\t\t\t\t\r\n\t\t\t\t\t\t\t\t<\/ol>\r\n\r\n\t\t\t\t\t\t\t<\/nav>\r\n\r\n\t\t\t\t\t\t<\/div>\r\n\r\n\t\t\t\t\t<\/div>\r\n\r\n\t\t\t\t<\/div>\r\n\r\n\t\t\t<\/div>\r\n\r\n\t\t<\/section>\r\n\r\n\t\t\t\t\t<\/div>\n\t\t\t\t<\/div>\n\t\t\t\t\t<\/div>\n\t\t<\/div>\n\t\t\t\t\t<\/div>\n\t\t<\/section>\n\t\t\t\t<section class=\"elementor-section elementor-top-section elementor-element elementor-element-2be9565 elementor-section-full_width elementor-section-height-default elementor-section-height-default\" data-id=\"2be9565\" data-element_type=\"section\" data-e-type=\"section\">\n\t\t\t\t\t\t<div class=\"elementor-container elementor-column-gap-no\">\n\t\t\t\t\t<div class=\"elementor-column elementor-col-100 elementor-top-column elementor-element elementor-element-a476f51\" data-id=\"a476f51\" data-element_type=\"column\" data-e-type=\"column\">\n\t\t\t<div class=\"elementor-widget-wrap elementor-element-populated\">\n\t\t\t\t\t\t<div class=\"elementor-element elementor-element-6e73420 elementor-align-left elementor-widget elementor-widget-page-about\" data-id=\"6e73420\" data-element_type=\"widget\" data-e-type=\"widget\" data-widget_type=\"page-about.default\">\n\t\t\t\t<div class=\"elementor-widget-container\">\n\t\t\t\t\t\r\n\t\t\t\t<section class=\"about-section anim-object pdt-110 pdb-170 pdb-lg-110\" data-background=\"https:\/\/shthemes.net\/demosd\/logistek\/wp-content\/uploads\/2021\/04\/abs-bg1.png\">\r\n\t\t\r\n\t\t\t<div class=\"container\">\r\n\r\n\t\t\t\t<div class=\"row align-items-center\">\r\n\r\n\t\t\t\t\t<div class=\"col-md-12 col-xl-6\">\r\n\r\n\t\t\t\t\t\t<div class=\"about-image-box mrr-60 mrr-lg-0 mrb-lg-110\">\r\n\r\n\t\t\t\t\t\t\t\r\n\t\t\t\t\t\t\t\t\t\t\t\t\t\t<img decoding=\"async\" class=\"about-image2 img-full\" src=\"https:\/\/serviciosuruguayos.uy\/wp-content\/uploads\/2026\/03\/ChatGPT-Image-26-mar-2026-19_14_49.png\" alt=\"\">\r\n\t\t\t\t\t\t\t\r\n\t\t\t\t\t\t\t\t\t\t\t\t\t\t<div class=\"experience\"><h4>15+<\/h4><p>A\u00f1os de experiencia en el sector<\/p><\/div>\r\n\t\t\t\t\t\t\t\r\n\t\t\t\t\t\t<\/div>\r\n\r\n\t\t\t\t\t<\/div>\r\n\r\n\t\t\t\t\t<div class=\"col-md-12 col-xl-6 pdl-60\">\r\n\r\n\t\t\t\t\t\t\t\t\t\t\t\t<h5 class=\"side-line-left text-primary-color mrb-15\">Sobre nosotros<\/h5>\r\n\t\t\t\t\t\t\r\n\t\t\t\t\t\t\t\t\t\t\t\t<h2 class=\"text-uppercase mrb-30\">Experiencia real aplicada a soluciones modernas<\/h2>\r\n\t\t\t\t\t\t\r\n\t\t\t\t\t\t\t\t\t\t\t\t<ul class=\"order-list primary-color mrb-40\">\r\n\t\t\t\t\t\t\t<li>Amplio conocimiento del mercado de asistencias<\/li>\n<li>Red de profesionales altamente calificados<\/li>\n<li>Tecnolog\u00eda aplicada a la gesti\u00f3n de servicios<\/li>\n<li>Atenci\u00f3n \u00e1gil y centrada en el cliente<\/li>\t\t\t\t\t\t<\/ul>\r\n\t\t\t\t\t\t\r\n\t\t\t\t\t\t\t\t\t\t\t\t<p class=\"mrb-40\">Combinamos a\u00f1os de experiencia en el sector con una visi\u00f3n innovadora que nos permite ofrecer un servicio \u00e1gil, confiable y adaptado a las necesidades actuales.<\/p>\r\n\t\t\t\t\t\t\r\n\t\t\t\t\t\t<div class=\"d-inline d-md-flex align-items-center mt-40\">\r\n\r\n\t\t\t\t\t\t\t\t\t\t\t\t\t\t<a href=\"https:\/\/serviciosuruguayos.uy\/all-services\/\" class=\"animate-btn mrr-50 mrb-sm-30\">Conoc\u00e9 nuestros servicios<\/a>\r\n\t\t\t\t\t\t\t\r\n\t\t\t\t\t\t\t\t\t\t\t\t\t\t<div class=\"signature\">\r\n\t\t\t\t\t\t\t\t<img decoding=\"async\" src=\"https:\/\/serviciosuruguayos.uy\/wp-content\/uploads\/2026\/03\/logo_servicios_uruguayos_hd.png\" alt=\"\">\r\n\t\t\t\t\t\t\t<\/div>\r\n\t\t\t\t\t\t\t\r\n\t\t\t\t\t\t<\/div>\r\n\r\n\t\t\t\t\t<\/div>\r\n\r\n\t\t\t\t<\/div>\r\n\r\n\t\t\t<\/div>\r\n\r\n\t\t<\/section>\r\n\r\n\t\t\t\t\t<\/div>\n\t\t\t\t<\/div>\n\t\t\t\t\t<\/div>\n\t\t<\/div>\n\t\t\t\t\t<\/div>\n\t\t<\/section>\n\t\t\t\t<section class=\"elementor-section elementor-top-section elementor-element elementor-element-1839c48 elementor-section-boxed elementor-section-height-default elementor-section-height-default\" data-id=\"1839c48\" data-element_type=\"section\" data-e-type=\"section\">\n\t\t\t\t\t\t<div class=\"elementor-container elementor-column-gap-default\">\n\t\t\t\t\t<div class=\"elementor-column elementor-col-100 elementor-top-column elementor-element elementor-element-379e6a4\" data-id=\"379e6a4\" data-element_type=\"column\" data-e-type=\"column\">\n\t\t\t<div class=\"elementor-widget-wrap elementor-element-populated\">\n\t\t\t\t\t\t<div class=\"elementor-element elementor-element-8bb91ec elementor-mobile-align-right elementor-hidden-desktop elementor-hidden-tablet elementor-widget elementor-widget-button\" data-id=\"8bb91ec\" data-element_type=\"widget\" data-e-type=\"widget\" data-settings=\"{&quot;sticky&quot;:&quot;top&quot;,&quot;sticky_offset_mobile&quot;:320,&quot;sticky_on&quot;:[&quot;desktop&quot;,&quot;tablet&quot;,&quot;mobile&quot;],&quot;sticky_offset&quot;:0,&quot;sticky_effects_offset&quot;:0}\" data-widget_type=\"button.default\">\n\t\t\t\t<div class=\"elementor-widget-container\">\n\t\t\t\t\t\t\t\t\t<div class=\"elementor-button-wrapper\">\n\t\t\t\t\t<a class=\"elementor-button elementor-button-link elementor-size-sm\" href=\"https:\/\/serviciosuruguayos.uy\/cart\/\">\n\t\t\t\t\t\t<span class=\"elementor-button-content-wrapper\">\n\t\t\t\t\t\t<span class=\"elementor-button-icon\">\n\t\t\t\t<i aria-hidden=\"true\" class=\"fas fa-shopping-cart\"><\/i>\t\t\t<\/span>\n\t\t\t\t\t\t\t\t<\/span>\n\t\t\t\t\t<\/a>\n\t\t\t\t<\/div>\n\t\t\t\t\t\t\t\t<\/div>\n\t\t\t\t<\/div>\n\t\t\t\t\t<\/div>\n\t\t<\/div>\n\t\t\t\t\t<\/div>\n\t\t<\/section>\n\t\t\t\t<section class=\"elementor-section elementor-top-section elementor-element elementor-element-64c83ef elementor-section-full_width elementor-section-height-default elementor-section-height-default\" data-id=\"64c83ef\" data-element_type=\"section\" data-e-type=\"section\">\n\t\t\t\t\t\t<div class=\"elementor-container elementor-column-gap-no\">\n\t\t\t\t\t<div class=\"elementor-column elementor-col-100 elementor-top-column elementor-element elementor-element-e139787\" data-id=\"e139787\" data-element_type=\"column\" data-e-type=\"column\">\n\t\t\t<div class=\"elementor-widget-wrap elementor-element-populated\">\n\t\t\t\t\t\t<div class=\"elementor-element elementor-element-eff5db8 elementor-align-left elementor-widget elementor-widget-home-1-choose\" data-id=\"eff5db8\" data-element_type=\"widget\" data-e-type=\"widget\" data-widget_type=\"home-1-choose.default\">\n\t\t\t\t<div class=\"elementor-widget-container\">\n\t\t\t\t\t\n\t\t\t\t<section class=\"pdt-90 bg-pos-center-center\" data-background=\"https:\/\/serviciosuruguayos.uy\/wp-content\/uploads\/2026\/03\/Diseno-sin-titulo-14.png\" data-overlay-dark=\"6\">\n\t\t\n\t\t\t<div class=\"section-content\">\n\n\t\t\t\t<div class=\"container-fluid\">\n\n\t\t\t\t\t<div class=\"row justify-content-start\">\n\n\t\t\t\t\t\t<div class=\"col-md-12 col-lg-6 col-xl-6\">\n\n\t\t\t\t\t\t\t\t\t\t\t\t\t\t<div class=\"about-image-block-3\">\n\t\t\t\t\t\t\t\t<img decoding=\"async\" class=\"left-infinite-img img-full\" src=\"https:\/\/serviciosuruguayos.uy\/wp-content\/uploads\/2026\/03\/ChatGPT-Image-26-mar-2026-19_17_42.png\" alt=\"\">\n\t\t\t\t\t\t\t<\/div>\n\t\t\t\t\t\t\t\n\t\t\t\t\t\t<\/div>\n\n\t\t\t\t\t\t<div class=\"col-md-12 col-lg-6 col-xl-4 p-md-5 pd-sm-25 pdt-30\">\n\n\t\t\t\t\t\t\t\t\t\t\t\t\t\t<h5 class=\"mrb-15 text-white side-line-left\">Nuestra misi\u00f3n<\/h5>\n\t\t\t\t\t\t\t\n\t\t\t\t\t\t\t\t\t\t\t\t\t\t<h2 class=\"text-white mrb-30\">Asistencia eficiente para cada momento<\/h2>\n\t\t\t\t\t\t\t\n\t\t\t\t\t\t\t\t\t\t\t\t\t\t<p class=\"text-white mrb-40\">Brindamos soluciones r\u00e1pidas, confiables y accesibles, acompa\u00f1ando a nuestros clientes en los imprevistos del d\u00eda a d\u00eda a trav\u00e9s de una red integral de servicios para el hogar, el veh\u00edculo y la tecnolog\u00eda.<\/p>\n\t\t\t\t\t\t\t\n\t\t\t\t\t\t\t\n\t\t\t\t\t\t<\/div>\n\n\t\t\t\t\t<\/div>\n\n\t\t\t\t<\/div>\n\n\t\t\t<\/div>\n\n\t\t<\/section>\n\t\t\t\t\t<\/div>\n\t\t\t\t<\/div>\n\t\t\t\t\t<\/div>\n\t\t<\/div>\n\t\t\t\t\t<\/div>\n\t\t<\/section>\n\t\t\t\t<section class=\"elementor-section elementor-top-section elementor-element elementor-element-48b104f elementor-section-full_width elementor-section-height-default elementor-section-height-default\" data-id=\"48b104f\" data-element_type=\"section\" data-e-type=\"section\">\n\t\t\t\t\t\t<div class=\"elementor-container elementor-column-gap-no\">\n\t\t\t\t\t<div class=\"elementor-column elementor-col-100 elementor-top-column elementor-element elementor-element-2fccbf1\" data-id=\"2fccbf1\" data-element_type=\"column\" data-e-type=\"column\">\n\t\t\t<div class=\"elementor-widget-wrap elementor-element-populated\">\n\t\t\t\t\t\t<div class=\"elementor-element elementor-element-7f68974 elementor-align-left elementor-widget elementor-widget-home-1-team\" data-id=\"7f68974\" data-element_type=\"widget\" data-e-type=\"widget\" data-widget_type=\"home-1-team.default\">\n\t\t\t\t<div class=\"elementor-widget-container\">\n\t\t\t\t\t\r\n\t\t\t\t<section class=\"pdt-110 pdb-80\" data-background=\"https:\/\/shthemes.net\/demosd\/logistek\/wp-content\/uploads\/2021\/04\/abs-bg2.png\">\r\n\t\t\r\n\t\t\t<div class=\"section-title\">\r\n\r\n\t\t\t\t<div class=\"container\">\r\n\r\n\t\t\t\t\t<div class=\"row\">\r\n\r\n\t\t\t\t\t\t<div class=\"col-lg-5\">\r\n\r\n\t\t\t\t\t\t\t<div class=\"section-title-left-part title-left-part-primary-color  text-xl-right text-left mb-md-3 mrb-sm-30\">\r\n\r\n\t\t\t\t\t\t\t\t\t\t\t\t\t\t\t\t<div class=\"section-left-sub-title mb-20\">\r\n\t\t\t\t\t\t\t\t\t<h5 class=\"text-primary-color mrb-15\">Nuestra visi\u00f3n<\/h5>\r\n\t\t\t\t\t\t\t\t<\/div>\r\n\t\t\t\t\t\t\t\t\r\n\t\t\t\t\t\t\t\t\t\t\t\t\t\t\t\t<h2 class=\"title\">Transformar la forma de resolver urgencias<\/h2>\r\n\t\t\t\t\t\t\t\t\r\n\t\t\t\t\t\t\t<\/div>\r\n\r\n\t\t\t\t\t\t<\/div>\r\n\r\n\t\t\t\t\t\t<div class=\"col\"><\/div>\r\n\r\n\t\t\t\t\t\t<div class=\"col-lg-6\">\r\n\r\n\t\t\t\t\t\t\t\t\t\t\t\t\t\t<div class=\"section-title-right-part\">\r\n\t\t\t\t\t\t\t\t<p>Aspiramos a ser l\u00edderes en asistencia integral, ofreciendo una plataforma moderna que simplifique la vida de las personas e integre m\u00faltiples servicios en una experiencia \u00e1gil, confiable y en constante evoluci\u00f3n.<\/p>\r\n\t\t\t\t\t\t\t<\/div>\r\n\t\t\t\t\t\t\t\r\n\t\t\t\t\t\t<\/div>\r\n\r\n\t\t\t\t\t<\/div>\r\n\r\n\t\t\t\t<\/div>\r\n\r\n\t\t\t<\/div>\r\n\r\n\t\t\t<div class=\"section-content\">\r\n\r\n\t\t\t\t<div class=\"container\">\r\n\r\n\t\t\t\t\t<div class=\"row justify-content-center\">\r\n\r\n\t\t\t\t\t\t\r\n\t\t\t\t\t<\/div>\r\n\r\n\t\t\t\t<\/div>\r\n\r\n\t\t\t<\/div>\r\n\r\n\t\t<\/section>\r\n\r\n\t\t\t\t\t<\/div>\n\t\t\t\t<\/div>\n\t\t\t\t\t<\/div>\n\t\t<\/div>\n\t\t\t\t\t<\/div>\n\t\t<\/section>\n\t\t\t\t<\/div>\n\t\t","protected":false},"excerpt":{"rendered":"<p>Innovaci\u00f3n que respalda cada soluci\u00f3n Home Innovaci\u00f3n que respalda cada soluci\u00f3n 15+ A\u00f1os de experiencia en el sector Sobre nosotros Experiencia real aplicada a soluciones modernas Amplio conocimiento del mercado de asistencias Red de profesionales altamente calificados Tecnolog\u00eda aplicada a la gesti\u00f3n de servicios Atenci\u00f3n \u00e1gil y centrada en el cliente Combinamos a\u00f1os de experiencia [&hellip;]<\/p>\n","protected":false},"author":1,"featured_media":0,"parent":0,"menu_order":0,"comment_status":"closed","ping_status":"closed","template":"page-templates\/home.php","meta":{"footnotes":""},"class_list":["post-120","page","type-page","status-publish","hentry"],"_links":{"self":[{"href":"https:\/\/serviciosuruguayos.uy\/en\/wp-json\/wp\/v2\/pages\/120","targetHints":{"allow":["GET"]}}],"collection":[{"href":"https:\/\/serviciosuruguayos.uy\/en\/wp-json\/wp\/v2\/pages"}],"about":[{"href":"https:\/\/serviciosuruguayos.uy\/en\/wp-json\/wp\/v2\/types\/page"}],"author":[{"embeddable":true,"href":"https:\/\/serviciosuruguayos.uy\/en\/wp-json\/wp\/v2\/users\/1"}],"replies":[{"embeddable":true,"href":"https:\/\/serviciosuruguayos.uy\/en\/wp-json\/wp\/v2\/comments?post=120"}],"version-history":[{"count":31,"href":"https:\/\/serviciosuruguayos.uy\/en\/wp-json\/wp\/v2\/pages\/120\/revisions"}],"predecessor-version":[{"id":2122,"href":"https:\/\/serviciosuruguayos.uy\/en\/wp-json\/wp\/v2\/pages\/120\/revisions\/2122"}],"wp:attachment":[{"href":"https:\/\/serviciosuruguayos.uy\/en\/wp-json\/wp\/v2\/media?parent=120"}],"curies":[{"name":"wp","href":"https:\/\/api.w.org\/{rel}","templated":true}]}}