

{"id":91,"date":"2021-01-13T02:41:35","date_gmt":"2021-01-13T02:41:35","guid":{"rendered":"https:\/\/shthemes.net\/demosd\/logistek\/?page_id=91"},"modified":"2026-04-27T15:08:53","modified_gmt":"2026-04-27T15:08:53","slug":"all-services","status":"publish","type":"page","link":"https:\/\/serviciosuruguayos.uy\/en\/all-services\/","title":{"rendered":"All Services"},"content":{"rendered":"\t\t<div data-elementor-type=\"wp-page\" data-elementor-id=\"91\" class=\"elementor elementor-91\">\n\t\t\t\t\t\t<section class=\"elementor-section elementor-top-section elementor-element elementor-element-74b1857 elementor-section-full_width elementor-section-height-default elementor-section-height-default\" data-id=\"74b1857\" data-element_type=\"section\" data-e-type=\"section\">\n\t\t\t\t\t\t<div class=\"elementor-container elementor-column-gap-no\">\n\t\t\t\t\t<div class=\"elementor-column elementor-col-100 elementor-top-column elementor-element elementor-element-6e6cefe\" data-id=\"6e6cefe\" data-element_type=\"column\" data-e-type=\"column\">\n\t\t\t<div class=\"elementor-widget-wrap elementor-element-populated\">\n\t\t\t\t\t\t<div class=\"elementor-element elementor-element-1ce9840 elementor-align-left elementor-widget elementor-widget-page-header\" data-id=\"1ce9840\" data-element_type=\"widget\" data-e-type=\"widget\" data-widget_type=\"page-header.default\">\n\t\t\t\t<div class=\"elementor-widget-container\">\n\t\t\t\t\t\r\n\t\t\t\t<section class=\"page-title-section\" style=\"background-color: #f8f8f8;\r\n\t\tbackground-image: url(https:\/\/shthemes.net\/demosd\/logistek\/wp-content\/uploads\/2021\/04\/page-title-bg.jpg);\r\n\t\tcolor: #fff;\">\r\n\t\t\r\n\t\t\t<div class=\"container\">\r\n\r\n\t\t\t\t<div class=\"row\">\r\n\r\n\t\t\t\t\t<div class=\"col-xl-12 text-center\">\r\n\r\n\t\t\t\t\t\t<div class=\"page-title-content\">\r\n\r\n\t\t\t\t\t\t\t\t\t\t\t\t\t\t<h3 class=\"title text-white\">Soluciones integrales de asistencia para cada momento<\/h3>\r\n\t\t\t\t\t\t\t\r\n\t\t\t\t\t\t\t<nav aria-label=\"breadcrumb\">\r\n\r\n\t\t\t\t\t\t\t\t<ol class=\"breadcrumb\">\r\n\r\n\t\t\t\t\t\t\t\t\t<li class=\"breadcrumb-item\"><a href=\"https:\/\/serviciosuruguayos.uy\/en\/\">Home<\/a><\/li>\r\n\r\n\t\t\t\t\t\t\t\t\t\t\t\t\t\t\t\t\t\t<li class=\"breadcrumb-item active\" aria-current=\"page\">Soluciones integrales de asistencia para cada momento<\/li>\r\n\t\t\t\t\t\t\t\t\t\r\n\t\t\t\t\t\t\t\t<\/ol>\r\n\r\n\t\t\t\t\t\t\t<\/nav>\r\n\r\n\t\t\t\t\t\t<\/div>\r\n\r\n\t\t\t\t\t<\/div>\r\n\r\n\t\t\t\t<\/div>\r\n\r\n\t\t\t<\/div>\r\n\r\n\t\t<\/section>\r\n\r\n\t\t\t\t\t<\/div>\n\t\t\t\t<\/div>\n\t\t\t\t\t<\/div>\n\t\t<\/div>\n\t\t\t\t\t<\/div>\n\t\t<\/section>\n\t\t\t\t<section class=\"elementor-section elementor-top-section elementor-element elementor-element-6f766ca elementor-section-full_width elementor-section-height-default elementor-section-height-default\" data-id=\"6f766ca\" data-element_type=\"section\" data-e-type=\"section\">\n\t\t\t\t\t\t<div class=\"elementor-container elementor-column-gap-no\">\n\t\t\t\t\t<div class=\"elementor-column elementor-col-100 elementor-top-column elementor-element elementor-element-f37be49\" data-id=\"f37be49\" data-element_type=\"column\" data-e-type=\"column\">\n\t\t\t<div class=\"elementor-widget-wrap elementor-element-populated\">\n\t\t\t\t\t\t<div class=\"elementor-element elementor-element-242a777 elementor-align-left elementor-widget elementor-widget-pages-services\" data-id=\"242a777\" data-element_type=\"widget\" data-e-type=\"widget\" data-widget_type=\"pages-services.default\">\n\t\t\t\t<div class=\"elementor-widget-container\">\n\t\t\t\t\t\r\n\t\t<section class=\"service-content-area pdt-110 pdb-80\">\r\n\r\n\t\t\t<div class=\"section-content\">\r\n\r\n\t\t\t\t<div class=\"container\">\r\n\r\n\t\t\t\t\t<div class=\"row justify-content-center\">\r\n\r\n\t\t\t\t\t\t\r\n\t\t\t\t\t\t\t<div class=\"col-xl-4 col-lg-6\">\r\n\r\n\t\t\t\t\t\t\t\t<div class=\"service-item-box mrb-30\">\r\n\r\n\t\t\t\t\t\t\t\t\t<div class=\"service-item-thumb\">\r\n\r\n\t\t\t\t\t\t\t\t\t\t<img decoding=\"async\" class=\"img-full\" src=\"https:\/\/serviciosuruguayos.uy\/wp-content\/uploads\/2026\/03\/3.png\" alt=\"\">\r\n\r\n\t\t\t\t\t\t\t\t\t\t<div class=\"service-item-icon\">\r\n\r\n\t\t\t\t\t\t\t\t\t\t\t<i class=\"fas fa-check\"><\/i>\r\n\r\n\t\t\t\t\t\t\t\t\t\t<\/div>\r\n\r\n\t\t\t\t\t\t\t\t\t<\/div>\r\n\r\n\t\t\t\t\t\t\t\t\t<div class=\"service-item-content\">\r\n\r\n\t\t\t\t\t\t\t\t\t\t<div class=\"service-item-title\">\r\n\r\n\t\t\t\t\t\t\t\t\t\t\t<a href=\"https:\/\/serviciosuruguayos.uy\/en\/service\/packaging\/\"><h3 class=\"mrb-15\">Asistencia integral para tu hogar<\/h3><\/a>\r\n\r\n\t\t\t\t\t\t\t\t\t\t<\/div>\r\n\r\n\t\t\t\t\t\t\t\t\t\t<div class=\"service-item-para\">\r\n\r\n\t\t\t\t\t\t\t\t\t\t\t<p>Ante cualquier imprevisto en el hogar, contar con una soluci\u00f3n r\u00e1pida y confiable marca la diferencia. Nuestro servicio de asistencia est\u00e1 dise\u00f1ado para darte respuesta inmediata cuando m\u00e1s lo necesit\u00e1s.<\/p>\r\n\r\n\t\t\t\t\t\t\t\t\t\t<\/div>\r\n\r\n\t\t\t\t\t\t\t\t\t\t<div class=\"service-item-link\">\r\n\r\n\t\t\t\t\t\t\t\t\t\t\t<a class=\"text-uppercase text-primary-color\" href=\"https:\/\/serviciosuruguayos.uy\/en\/service\/packaging\/\">Read More<\/a>\r\n\r\n\t\t\t\t\t\t\t\t\t\t<\/div>\r\n\r\n\t\t\t\t\t\t\t\t\t<\/div>\r\n\r\n\t\t\t\t\t\t\t\t<\/div>\r\n\r\n\t\t\t\t\t\t\t<\/div>\r\n\r\n\t\t\t\t\t\t\r\n\t\t\t\t\t\t\t<div class=\"col-xl-4 col-lg-6\">\r\n\r\n\t\t\t\t\t\t\t\t<div class=\"service-item-box mrb-30\">\r\n\r\n\t\t\t\t\t\t\t\t\t<div class=\"service-item-thumb\">\r\n\r\n\t\t\t\t\t\t\t\t\t\t<img decoding=\"async\" class=\"img-full\" src=\"https:\/\/serviciosuruguayos.uy\/wp-content\/uploads\/2026\/03\/1.png\" alt=\"\">\r\n\r\n\t\t\t\t\t\t\t\t\t\t<div class=\"service-item-icon\">\r\n\r\n\t\t\t\t\t\t\t\t\t\t\t<i class=\"fas fa-check\"><\/i>\r\n\r\n\t\t\t\t\t\t\t\t\t\t<\/div>\r\n\r\n\t\t\t\t\t\t\t\t\t<\/div>\r\n\r\n\t\t\t\t\t\t\t\t\t<div class=\"service-item-content\">\r\n\r\n\t\t\t\t\t\t\t\t\t\t<div class=\"service-item-title\">\r\n\r\n\t\t\t\t\t\t\t\t\t\t\t<a href=\"https:\/\/serviciosuruguayos.uy\/en\/service\/ocean-freight-2\/\"><h3 class=\"mrb-15\">Protege tu celular ante da\u00f1os inesperados<\/h3><\/a>\r\n\r\n\t\t\t\t\t\t\t\t\t\t<\/div>\r\n\r\n\t\t\t\t\t\t\t\t\t\t<div class=\"service-item-para\">\r\n\r\n\t\t\t\t\t\t\t\t\t\t\t<p>El celular es una herramienta esencial en la vida cotidiana, y cualquier falla o rotura puede generar un gran inconveniente.<\/p>\r\n\r\n\t\t\t\t\t\t\t\t\t\t<\/div>\r\n\r\n\t\t\t\t\t\t\t\t\t\t<div class=\"service-item-link\">\r\n\r\n\t\t\t\t\t\t\t\t\t\t\t<a class=\"text-uppercase text-primary-color\" href=\"https:\/\/serviciosuruguayos.uy\/en\/service\/ocean-freight-2\/\">Read More<\/a>\r\n\r\n\t\t\t\t\t\t\t\t\t\t<\/div>\r\n\r\n\t\t\t\t\t\t\t\t\t<\/div>\r\n\r\n\t\t\t\t\t\t\t\t<\/div>\r\n\r\n\t\t\t\t\t\t\t<\/div>\r\n\r\n\t\t\t\t\t\t\r\n\t\t\t\t\t\t\t<div class=\"col-xl-4 col-lg-6\">\r\n\r\n\t\t\t\t\t\t\t\t<div class=\"service-item-box mrb-30\">\r\n\r\n\t\t\t\t\t\t\t\t\t<div class=\"service-item-thumb\">\r\n\r\n\t\t\t\t\t\t\t\t\t\t<img decoding=\"async\" class=\"img-full\" src=\"https:\/\/serviciosuruguayos.uy\/wp-content\/uploads\/2026\/03\/2.png\" alt=\"\">\r\n\r\n\t\t\t\t\t\t\t\t\t\t<div class=\"service-item-icon\">\r\n\r\n\t\t\t\t\t\t\t\t\t\t\t<i class=\"fas fa-check\"><\/i>\r\n\r\n\t\t\t\t\t\t\t\t\t\t<\/div>\r\n\r\n\t\t\t\t\t\t\t\t\t<\/div>\r\n\r\n\t\t\t\t\t\t\t\t\t<div class=\"service-item-content\">\r\n\r\n\t\t\t\t\t\t\t\t\t\t<div class=\"service-item-title\">\r\n\r\n\t\t\t\t\t\t\t\t\t\t\t<a href=\"https:\/\/serviciosuruguayos.uy\/en\/service\/supply-chain\/\"><h3 class=\"mrb-15\">Asistencia r\u00e1pida para tu veh\u00edculo<\/h3><\/a>\r\n\r\n\t\t\t\t\t\t\t\t\t\t<\/div>\r\n\r\n\t\t\t\t\t\t\t\t\t\t<div class=\"service-item-para\">\r\n\r\n\t\t\t\t\t\t\t\t\t\t\t<p>Los imprevistos en la v\u00eda pueden ocurrir en cualquier momento, y es fundamental contar con un respaldo que responda de forma inmediata y eficiente.<\/p>\r\n\r\n\t\t\t\t\t\t\t\t\t\t<\/div>\r\n\r\n\t\t\t\t\t\t\t\t\t\t<div class=\"service-item-link\">\r\n\r\n\t\t\t\t\t\t\t\t\t\t\t<a class=\"text-uppercase text-primary-color\" href=\"https:\/\/serviciosuruguayos.uy\/en\/service\/supply-chain\/\">Read More<\/a>\r\n\r\n\t\t\t\t\t\t\t\t\t\t<\/div>\r\n\r\n\t\t\t\t\t\t\t\t\t<\/div>\r\n\r\n\t\t\t\t\t\t\t\t<\/div>\r\n\r\n\t\t\t\t\t\t\t<\/div>\r\n\r\n\t\t\t\t\t\t \r\n\r\n\t\t\t\t\t<\/div>\r\n\r\n\t\t\t\t<\/div>\r\n\r\n\t\t\t<\/div>\r\n\r\n\t\t<\/section>\r\n\r\n\t\t\t\t\t<\/div>\n\t\t\t\t<\/div>\n\t\t\t\t\t<\/div>\n\t\t<\/div>\n\t\t\t\t\t<\/div>\n\t\t<\/section>\n\t\t\t\t<section class=\"elementor-section elementor-top-section elementor-element elementor-element-8263db6 elementor-section-boxed elementor-section-height-default elementor-section-height-default\" data-id=\"8263db6\" data-element_type=\"section\" data-e-type=\"section\">\n\t\t\t\t\t\t<div class=\"elementor-container elementor-column-gap-default\">\n\t\t\t\t\t<div class=\"elementor-column elementor-col-100 elementor-top-column elementor-element elementor-element-272fa6e\" data-id=\"272fa6e\" data-element_type=\"column\" data-e-type=\"column\">\n\t\t\t<div class=\"elementor-widget-wrap elementor-element-populated\">\n\t\t\t\t\t\t<div class=\"elementor-element elementor-element-53bf02e elementor-mobile-align-right elementor-hidden-desktop elementor-hidden-tablet elementor-widget elementor-widget-button\" data-id=\"53bf02e\" data-element_type=\"widget\" data-e-type=\"widget\" data-settings=\"{&quot;sticky&quot;:&quot;top&quot;,&quot;sticky_offset_mobile&quot;:320,&quot;sticky_on&quot;:[&quot;desktop&quot;,&quot;tablet&quot;,&quot;mobile&quot;],&quot;sticky_offset&quot;:0,&quot;sticky_effects_offset&quot;:0}\" data-widget_type=\"button.default\">\n\t\t\t\t<div class=\"elementor-widget-container\">\n\t\t\t\t\t\t\t\t\t<div class=\"elementor-button-wrapper\">\n\t\t\t\t\t<a class=\"elementor-button elementor-button-link elementor-size-sm\" href=\"https:\/\/serviciosuruguayos.uy\/cart\/\">\n\t\t\t\t\t\t<span class=\"elementor-button-content-wrapper\">\n\t\t\t\t\t\t<span class=\"elementor-button-icon\">\n\t\t\t\t<i aria-hidden=\"true\" class=\"fas fa-shopping-cart\"><\/i>\t\t\t<\/span>\n\t\t\t\t\t\t\t\t<\/span>\n\t\t\t\t\t<\/a>\n\t\t\t\t<\/div>\n\t\t\t\t\t\t\t\t<\/div>\n\t\t\t\t<\/div>\n\t\t\t\t\t<\/div>\n\t\t<\/div>\n\t\t\t\t\t<\/div>\n\t\t<\/section>\n\t\t\t\t<section class=\"elementor-section elementor-top-section elementor-element elementor-element-fc55d5e elementor-section-full_width elementor-section-height-default elementor-section-height-default\" data-id=\"fc55d5e\" data-element_type=\"section\" data-e-type=\"section\">\n\t\t\t\t\t\t<div class=\"elementor-container elementor-column-gap-no\">\n\t\t\t\t\t<div class=\"elementor-column elementor-col-100 elementor-top-column elementor-element elementor-element-b6e451b\" data-id=\"b6e451b\" data-element_type=\"column\" data-e-type=\"column\">\n\t\t\t<div class=\"elementor-widget-wrap elementor-element-populated\">\n\t\t\t\t\t\t<div class=\"elementor-element elementor-element-856ca56 elementor-align-left elementor-widget elementor-widget-home-1-testimonials\" data-id=\"856ca56\" data-element_type=\"widget\" data-e-type=\"widget\" data-widget_type=\"home-1-testimonials.default\">\n\t\t\t\t<div class=\"elementor-widget-container\">\n\t\t\t\t\t\n\t\t\t\t<section class=\"request-a-call-back pdt-80 pdb-110 pdb-lg-70\" data-background=\"https:\/\/shthemes.net\/demosd\/logistek\/wp-content\/uploads\/2021\/04\/2.png\">\n\t\t\n\t\t\t<div class=\"section-title text-center wow fadeInUp\" data-wow-delay=\"0ms\" data-wow-duration=\"1500ms\">\n\n\t\t\t\t<div class=\"container\">\n\n\t\t\t\t\t<div class=\"row\">\n\n\t\t\t\t\t\t<div class=\"col\"><\/div>\n\n\t\t\t\t\t\t<div class=\"col-lg-8\">\n\n\t\t\t\t\t\t\t<div class=\"title-box-center\">\n\n\t\t\t\t\t\t\t\t\t\t\t\t\t\t\t\t<h5 class=\"sub-title-center text-primary-color line-top-center mrb-15\">Clientes satisfechos<\/h5>\n\t\t\t\t\t\t\t\t\n\t\t\t\t\t\t\t\t\t\t\t\t\t\t\t\t<h2 class=\"title\">Experiencias que hablan por nosotros<\/h2>\n\t\t\t\t\t\t\t\t\n\t\t\t\t\t\t\t<\/div>\n\n\t\t\t\t\t\t<\/div>\n\n\t\t\t\t\t\t<div class=\"col\"><\/div>\n\n\t\t\t\t\t<\/div>\n\n\t\t\t\t<\/div>\n\n\t\t\t<\/div>\n\n\t\t\t<div class=\"section-content\">\n\n\t\t\t\t<div class=\"container\">\n\n\t\t\t\t\t<div class=\"row\">\n\n\t\t\t\t\t\t<div class=\"owl-carousel testimonial-items-3col mrb-lg-40\">\n\n\t\t\t\t\t\t\t\n\t\t\t\t\t\t\t\t<div class=\"testimonial-item\">\n\n\t\t\t\t\t\t\t\t\t<span class=\"quote-icon fas fa-quote-right\"><\/span>\n\n\t\t\t\t\t\t\t\t\t\t\t\t\t\t\t\t\t\t<div class=\"testimonial-thumb\">\n\t\t\t\t\t\t\t\t\t\t<img decoding=\"async\" src=\"https:\/\/shthemes.net\/demosd\/logistek\/wp-content\/uploads\/2021\/04\/testimonial-img1.jpg\" alt=\"\">\n\t\t\t\t\t\t\t\t\t<\/div>\n\t\t\t\t\t\t\t\t\t\n\t\t\t\t\t\t\t\t\t\t\t\t\t\t\t\t\t\t<h4 class=\"client-name\">Mar\u00eda Quiroga<\/h4>\n\t\t\t\t\t\t\t\t\t\n\t\t\t\t\t\t\t\t\t\n\t\t\t\t\t\t\t\t\t<ul class=\"star-rating mrb-30\">\n\n\t\t\t\t\t\t\t\t\t\t\t\t\t\t\t\t\t\t\t<li><i class=\"webex-icon-star-full text-primary-color\"><\/i><\/li>\n\t\t\t\t\t\t\t\t\t\t<li><i class=\"webex-icon-star-full text-primary-color\"><\/i><\/li>\n\t\t\t\t\t\t\t\t\t\t<li><i class=\"webex-icon-star-full text-primary-color\"><\/i><\/li>\n\t\t\t\t\t\t\t\t\t\t<li><i class=\"webex-icon-star-full text-primary-color\"><\/i><\/li>\n\t\t\t\t\t\t\t\t\t\t<li><i class=\"webex-icon-star-empty text-primary-color\"><\/i><\/li>\n\t\t\t\t\t\t\t\t\t \n\n\t\t\t\t\t\t\t\t\t<\/ul>\n\n\t\t\t\t\t\t\t\t\t\t\t\t\t\t\t\t\t\t<div class=\"testimonial-content\">\n\t\t\t\t\t\t\t\t\t\t<p class=\"comments\">Tuve un problema el\u00e9ctrico en casa y en menos de una hora ya estaba resuelto. Excelente atenci\u00f3n.<\/p>\n\t\t\t\t\t\t\t\t\t<\/div>\n\t\t\t\t\t\t\t\t\t\n\t\t\t\t\t\t\t\t<\/div>\n\n\t\t\t\t\t\t\t\n\t\t\t\t\t\t\t\t<div class=\"testimonial-item\">\n\n\t\t\t\t\t\t\t\t\t<span class=\"quote-icon fas fa-quote-right\"><\/span>\n\n\t\t\t\t\t\t\t\t\t\t\t\t\t\t\t\t\t\t<div class=\"testimonial-thumb\">\n\t\t\t\t\t\t\t\t\t\t<img decoding=\"async\" src=\"https:\/\/shthemes.net\/demosd\/logistek\/wp-content\/uploads\/2021\/04\/testimonial-img2-1.jpg\" alt=\"\">\n\t\t\t\t\t\t\t\t\t<\/div>\n\t\t\t\t\t\t\t\t\t\n\t\t\t\t\t\t\t\t\t\t\t\t\t\t\t\t\t\t<h4 class=\"client-name\">Tom\u00e1s Ibarra<\/h4>\n\t\t\t\t\t\t\t\t\t\n\t\t\t\t\t\t\t\t\t\n\t\t\t\t\t\t\t\t\t<ul class=\"star-rating mrb-30\">\n\n\t\t\t\t\t\t\t\t\t\t\t\t\t\t\t\t\t\t\t<li><i class=\"webex-icon-star-full text-primary-color\"><\/i><\/li>\n\t\t\t\t\t\t\t\t\t\t<li><i class=\"webex-icon-star-full text-primary-color\"><\/i><\/li>\n\t\t\t\t\t\t\t\t\t\t<li><i class=\"webex-icon-star-full text-primary-color\"><\/i><\/li>\n\t\t\t\t\t\t\t\t\t\t<li><i class=\"webex-icon-star-full text-primary-color\"><\/i><\/li>\n\t\t\t\t\t\t\t\t\t\t<li><i class=\"webex-icon-star-empty text-primary-color\"><\/i><\/li>\n\t\t\t\t\t\t\t\t\t \n\n\t\t\t\t\t\t\t\t\t<\/ul>\n\n\t\t\t\t\t\t\t\t\t\t\t\t\t\t\t\t\t\t<div class=\"testimonial-content\">\n\t\t\t\t\t\t\t\t\t\t<p class=\"comments\">Mi auto se qued\u00f3 en plena ruta y la asistencia fue r\u00e1pida y muy profesional. Totalmente recomendable.<\/p>\n\t\t\t\t\t\t\t\t\t<\/div>\n\t\t\t\t\t\t\t\t\t\n\t\t\t\t\t\t\t\t<\/div>\n\n\t\t\t\t\t\t\t\n\t\t\t\t\t\t\t\t<div class=\"testimonial-item\">\n\n\t\t\t\t\t\t\t\t\t<span class=\"quote-icon fas fa-quote-right\"><\/span>\n\n\t\t\t\t\t\t\t\t\t\t\t\t\t\t\t\t\t\t<div class=\"testimonial-thumb\">\n\t\t\t\t\t\t\t\t\t\t<img decoding=\"async\" src=\"https:\/\/shthemes.net\/demosd\/logistek\/wp-content\/uploads\/2021\/04\/testimonial-img3-1.jpg\" alt=\"\">\n\t\t\t\t\t\t\t\t\t<\/div>\n\t\t\t\t\t\t\t\t\t\n\t\t\t\t\t\t\t\t\t\t\t\t\t\t\t\t\t\t<h4 class=\"client-name\">Santiago Ferrero<\/h4>\n\t\t\t\t\t\t\t\t\t\n\t\t\t\t\t\t\t\t\t\n\t\t\t\t\t\t\t\t\t<ul class=\"star-rating mrb-30\">\n\n\t\t\t\t\t\t\t\t\t\t\t\t\t\t\t\t\t\t\t<li><i class=\"webex-icon-star-full text-primary-color\"><\/i><\/li>\n\t\t\t\t\t\t\t\t\t\t<li><i class=\"webex-icon-star-full text-primary-color\"><\/i><\/li>\n\t\t\t\t\t\t\t\t\t\t<li><i class=\"webex-icon-star-full text-primary-color\"><\/i><\/li>\n\t\t\t\t\t\t\t\t\t\t<li><i class=\"webex-icon-star-full text-primary-color\"><\/i><\/li>\n\t\t\t\t\t\t\t\t\t\t<li><i class=\"webex-icon-star-full text-primary-color\"><\/i><\/li>\n\t\t\t\t\t\t\t\t\t \n\n\t\t\t\t\t\t\t\t\t<\/ul>\n\n\t\t\t\t\t\t\t\t\t\t\t\t\t\t\t\t\t\t<div class=\"testimonial-content\">\n\t\t\t\t\t\t\t\t\t\t<p class=\"comments\">Se me rompi\u00f3 el celular y me solucionaron todo sin complicaciones. Un servicio s\u00faper pr\u00e1ctico.<\/p>\n\t\t\t\t\t\t\t\t\t<\/div>\n\t\t\t\t\t\t\t\t\t\n\t\t\t\t\t\t\t\t<\/div>\n\n\t\t\t\t\t\t\t\n\t\t\t\t\t\t<\/div>\n\n\t\t\t\t\t<\/div>\n\n\t\t\t\t<\/div>\n\n\t\t\t<\/div>\n\n\t\t<\/section>\n\t\t\t\t\t<\/div>\n\t\t\t\t<\/div>\n\t\t\t\t\t<\/div>\n\t\t<\/div>\n\t\t\t\t\t<\/div>\n\t\t<\/section>\n\t\t\t\t<\/div>\n\t\t","protected":false},"excerpt":{"rendered":"<p>Soluciones integrales de asistencia para cada momento Home Soluciones integrales de asistencia para cada momento Asistencia integral para tu hogar Ante cualquier imprevisto en el hogar, contar con una soluci\u00f3n r\u00e1pida y confiable marca la diferencia. Nuestro servicio de asistencia est\u00e1 dise\u00f1ado para darte respuesta inmediata cuando m\u00e1s lo necesit\u00e1s. Read More Soluciones para tu [&hellip;]<\/p>\n","protected":false},"author":1,"featured_media":0,"parent":0,"menu_order":0,"comment_status":"closed","ping_status":"closed","template":"page-templates\/home.php","meta":{"footnotes":""},"class_list":["post-91","page","type-page","status-publish","hentry"],"_links":{"self":[{"href":"https:\/\/serviciosuruguayos.uy\/en\/wp-json\/wp\/v2\/pages\/91","targetHints":{"allow":["GET"]}}],"collection":[{"href":"https:\/\/serviciosuruguayos.uy\/en\/wp-json\/wp\/v2\/pages"}],"about":[{"href":"https:\/\/serviciosuruguayos.uy\/en\/wp-json\/wp\/v2\/types\/page"}],"author":[{"embeddable":true,"href":"https:\/\/serviciosuruguayos.uy\/en\/wp-json\/wp\/v2\/users\/1"}],"replies":[{"embeddable":true,"href":"https:\/\/serviciosuruguayos.uy\/en\/wp-json\/wp\/v2\/comments?post=91"}],"version-history":[{"count":16,"href":"https:\/\/serviciosuruguayos.uy\/en\/wp-json\/wp\/v2\/pages\/91\/revisions"}],"predecessor-version":[{"id":2114,"href":"https:\/\/serviciosuruguayos.uy\/en\/wp-json\/wp\/v2\/pages\/91\/revisions\/2114"}],"wp:attachment":[{"href":"https:\/\/serviciosuruguayos.uy\/en\/wp-json\/wp\/v2\/media?parent=91"}],"curies":[{"name":"wp","href":"https:\/\/api.w.org\/{rel}","templated":true}]}}