

{"id":1890,"date":"2026-03-19T20:44:17","date_gmt":"2026-03-19T20:44:17","guid":{"rendered":"https:\/\/serviciosuruguayos.uy\/?post_type=product&#038;p=1890"},"modified":"2026-04-29T19:52:50","modified_gmt":"2026-04-29T19:52:50","slug":"plan-hogar-protegido","status":"publish","type":"product","link":"https:\/\/serviciosuruguayos.uy\/en\/product\/plan-hogar-protegido\/","title":{"rendered":"Plan Hogar Protegido"},"content":{"rendered":"<p>Acced\u00e9 a asistencia inmediata ante imprevistos en tu hogar. Incluye servicios de cerrajer\u00eda, plomer\u00eda, electricidad, gasista y asistencia legal, gestionados de forma r\u00e1pida y sin complicaciones. Un respaldo completo para que tu casa est\u00e9 siempre protegida.<\/p>","protected":false},"excerpt":{"rendered":"<p>Acced\u00e9 a asistencia inmediata ante imprevistos en tu hogar. Incluye servicios de cerrajer\u00eda, plomer\u00eda, electricidad, gasista y asistencia legal, gestionados de forma r\u00e1pida y sin complicaciones. Un respaldo completo para que tu casa est\u00e9 siempre protegida.<\/p>","protected":false},"featured_media":1983,"comment_status":"open","ping_status":"closed","template":"","meta":[],"product_brand":[],"product_cat":[26],"product_tag":[],"class_list":{"0":"post-1890","1":"product","2":"type-product","3":"status-publish","4":"has-post-thumbnail","6":"product_cat-uncategorized","8":"first","9":"instock","10":"virtual","11":"purchasable","12":"product-type-simple"},"_links":{"self":[{"href":"https:\/\/serviciosuruguayos.uy\/en\/wp-json\/wp\/v2\/product\/1890","targetHints":{"allow":["GET"]}}],"collection":[{"href":"https:\/\/serviciosuruguayos.uy\/en\/wp-json\/wp\/v2\/product"}],"about":[{"href":"https:\/\/serviciosuruguayos.uy\/en\/wp-json\/wp\/v2\/types\/product"}],"replies":[{"embeddable":true,"href":"https:\/\/serviciosuruguayos.uy\/en\/wp-json\/wp\/v2\/comments?post=1890"}],"wp:featuredmedia":[{"embeddable":true,"href":"https:\/\/serviciosuruguayos.uy\/en\/wp-json\/wp\/v2\/media\/1983"}],"wp:attachment":[{"href":"https:\/\/serviciosuruguayos.uy\/en\/wp-json\/wp\/v2\/media?parent=1890"}],"wp:term":[{"taxonomy":"product_brand","embeddable":true,"href":"https:\/\/serviciosuruguayos.uy\/en\/wp-json\/wp\/v2\/product_brand?post=1890"},{"taxonomy":"product_cat","embeddable":true,"href":"https:\/\/serviciosuruguayos.uy\/en\/wp-json\/wp\/v2\/product_cat?post=1890"},{"taxonomy":"product_tag","embeddable":true,"href":"https:\/\/serviciosuruguayos.uy\/en\/wp-json\/wp\/v2\/product_tag?post=1890"}],"curies":[{"name":"wp","href":"https:\/\/api.w.org\/{rel}","templated":true}]}}