

{"id":1891,"date":"2026-03-19T20:44:54","date_gmt":"2026-03-19T20:44:54","guid":{"rendered":"https:\/\/serviciosuruguayos.uy\/?post_type=product&#038;p=1891"},"modified":"2026-04-29T19:52:42","modified_gmt":"2026-04-29T19:52:42","slug":"plan-movilidad-segura","status":"publish","type":"product","link":"https:\/\/serviciosuruguayos.uy\/en\/product\/plan-movilidad-segura\/","title":{"rendered":"Plan Movilidad Segura"},"content":{"rendered":"<p data-start=\"557\" data-end=\"785\">Disfrut\u00e1 de tranquilidad en cada trayecto con asistencia vehicular ante aver\u00edas o accidentes. Incluye servicio de acarreo y gesti\u00f3n inmediata para que nunca quedes varado. Seguridad y respaldo en todo momento.<\/p>\n<p data-start=\"787\" data-end=\"821\">","protected":false},"excerpt":{"rendered":"<p>Disfrut\u00e1 de tranquilidad en cada trayecto con asistencia vehicular ante aver\u00edas o accidentes. Incluye servicio de acarreo y gesti\u00f3n inmediata para que nunca quedes varado. Seguridad y respaldo en todo momento.<\/p>","protected":false},"featured_media":1982,"comment_status":"open","ping_status":"closed","template":"","meta":[],"product_brand":[],"product_cat":[26],"product_tag":[],"class_list":{"0":"post-1891","1":"product","2":"type-product","3":"status-publish","4":"has-post-thumbnail","6":"product_cat-uncategorized","8":"first","9":"instock","10":"virtual","11":"purchasable","12":"product-type-simple"},"_links":{"self":[{"href":"https:\/\/serviciosuruguayos.uy\/en\/wp-json\/wp\/v2\/product\/1891","targetHints":{"allow":["GET"]}}],"collection":[{"href":"https:\/\/serviciosuruguayos.uy\/en\/wp-json\/wp\/v2\/product"}],"about":[{"href":"https:\/\/serviciosuruguayos.uy\/en\/wp-json\/wp\/v2\/types\/product"}],"replies":[{"embeddable":true,"href":"https:\/\/serviciosuruguayos.uy\/en\/wp-json\/wp\/v2\/comments?post=1891"}],"wp:featuredmedia":[{"embeddable":true,"href":"https:\/\/serviciosuruguayos.uy\/en\/wp-json\/wp\/v2\/media\/1982"}],"wp:attachment":[{"href":"https:\/\/serviciosuruguayos.uy\/en\/wp-json\/wp\/v2\/media?parent=1891"}],"wp:term":[{"taxonomy":"product_brand","embeddable":true,"href":"https:\/\/serviciosuruguayos.uy\/en\/wp-json\/wp\/v2\/product_brand?post=1891"},{"taxonomy":"product_cat","embeddable":true,"href":"https:\/\/serviciosuruguayos.uy\/en\/wp-json\/wp\/v2\/product_cat?post=1891"},{"taxonomy":"product_tag","embeddable":true,"href":"https:\/\/serviciosuruguayos.uy\/en\/wp-json\/wp\/v2\/product_tag?post=1891"}],"curies":[{"name":"wp","href":"https:\/\/api.w.org\/{rel}","templated":true}]}}