

{"id":1892,"date":"2026-03-19T20:45:32","date_gmt":"2026-03-19T20:45:32","guid":{"rendered":"https:\/\/serviciosuruguayos.uy\/?post_type=product&#038;p=1892"},"modified":"2026-04-27T14:31:19","modified_gmt":"2026-04-27T14:31:19","slug":"plan-celular-protegido","status":"publish","type":"product","link":"https:\/\/serviciosuruguayos.uy\/en\/product\/plan-celular-protegido\/","title":{"rendered":"Plan Celular Protegido"},"content":{"rendered":"<p data-start=\"898\" data-end=\"1119\">Proteg\u00e9 tu dispositivo ante roturas o fallas. Incluye reparaci\u00f3n o reemplazo del celular, asegurando que sigas conectado sin preocupaciones. Soluciones r\u00e1pidas para un elemento esencial en tu d\u00eda a d\u00eda.<\/p>\n<p data-start=\"1121\" data-end=\"1155\">","protected":false},"excerpt":{"rendered":"<p>Proteg\u00e9 tu dispositivo ante roturas o fallas. Incluye reparaci\u00f3n o reemplazo del celular, asegurando que sigas conectado sin preocupaciones. Soluciones r\u00e1pidas para un elemento esencial en tu d\u00eda a d\u00eda.<\/p>","protected":false},"featured_media":1981,"comment_status":"open","ping_status":"closed","template":"","meta":[],"product_brand":[],"product_cat":[26],"product_tag":[],"class_list":{"0":"post-1892","1":"product","2":"type-product","3":"status-publish","4":"has-post-thumbnail","6":"product_cat-uncategorized","8":"first","9":"instock","10":"shipping-taxable","11":"purchasable","12":"product-type-simple"},"_links":{"self":[{"href":"https:\/\/serviciosuruguayos.uy\/en\/wp-json\/wp\/v2\/product\/1892","targetHints":{"allow":["GET"]}}],"collection":[{"href":"https:\/\/serviciosuruguayos.uy\/en\/wp-json\/wp\/v2\/product"}],"about":[{"href":"https:\/\/serviciosuruguayos.uy\/en\/wp-json\/wp\/v2\/types\/product"}],"replies":[{"embeddable":true,"href":"https:\/\/serviciosuruguayos.uy\/en\/wp-json\/wp\/v2\/comments?post=1892"}],"wp:featuredmedia":[{"embeddable":true,"href":"https:\/\/serviciosuruguayos.uy\/en\/wp-json\/wp\/v2\/media\/1981"}],"wp:attachment":[{"href":"https:\/\/serviciosuruguayos.uy\/en\/wp-json\/wp\/v2\/media?parent=1892"}],"wp:term":[{"taxonomy":"product_brand","embeddable":true,"href":"https:\/\/serviciosuruguayos.uy\/en\/wp-json\/wp\/v2\/product_brand?post=1892"},{"taxonomy":"product_cat","embeddable":true,"href":"https:\/\/serviciosuruguayos.uy\/en\/wp-json\/wp\/v2\/product_cat?post=1892"},{"taxonomy":"product_tag","embeddable":true,"href":"https:\/\/serviciosuruguayos.uy\/en\/wp-json\/wp\/v2\/product_tag?post=1892"}],"curies":[{"name":"wp","href":"https:\/\/api.w.org\/{rel}","templated":true}]}}