

{"id":2227,"date":"2026-04-29T12:35:01","date_gmt":"2026-04-29T12:35:01","guid":{"rendered":"https:\/\/serviciosuruguayos.uy\/?post_type=product&#038;p=2227"},"modified":"2026-04-29T19:52:20","modified_gmt":"2026-04-29T19:52:20","slug":"producto-de-prueba","status":"publish","type":"product","link":"https:\/\/serviciosuruguayos.uy\/en\/product\/producto-de-prueba\/","title":{"rendered":"Plan asistencia integral"},"content":{"rendered":"<p>Cont\u00e1 con un plan de asistencia personal integral. Incluye sesiones de psicolog\u00eda con profesionales de larga trayectoria, una cobertura veterinaria para tu mascota y un servicio de asesor\u00eda legal, todo dentro de\u00a0 este producto.<\/p>","protected":false},"excerpt":{"rendered":"<p>Cont\u00e1 con un plan de asistencia personal integral. Incluye sesiones de psicolog\u00eda con profesionales de larga trayectoria, una cobertura veterinaria para tu mascota y un servicio de asesor\u00eda legal, todo dentro de\u00a0 este producto.<\/p>","protected":false},"featured_media":2238,"comment_status":"open","ping_status":"closed","template":"","meta":[],"product_brand":[],"product_cat":[26],"product_tag":[],"class_list":{"0":"post-2227","1":"product","2":"type-product","3":"status-publish","4":"has-post-thumbnail","6":"product_cat-uncategorized","8":"first","9":"instock","10":"virtual","11":"purchasable","12":"product-type-simple"},"_links":{"self":[{"href":"https:\/\/serviciosuruguayos.uy\/en\/wp-json\/wp\/v2\/product\/2227","targetHints":{"allow":["GET"]}}],"collection":[{"href":"https:\/\/serviciosuruguayos.uy\/en\/wp-json\/wp\/v2\/product"}],"about":[{"href":"https:\/\/serviciosuruguayos.uy\/en\/wp-json\/wp\/v2\/types\/product"}],"replies":[{"embeddable":true,"href":"https:\/\/serviciosuruguayos.uy\/en\/wp-json\/wp\/v2\/comments?post=2227"}],"wp:featuredmedia":[{"embeddable":true,"href":"https:\/\/serviciosuruguayos.uy\/en\/wp-json\/wp\/v2\/media\/2238"}],"wp:attachment":[{"href":"https:\/\/serviciosuruguayos.uy\/en\/wp-json\/wp\/v2\/media?parent=2227"}],"wp:term":[{"taxonomy":"product_brand","embeddable":true,"href":"https:\/\/serviciosuruguayos.uy\/en\/wp-json\/wp\/v2\/product_brand?post=2227"},{"taxonomy":"product_cat","embeddable":true,"href":"https:\/\/serviciosuruguayos.uy\/en\/wp-json\/wp\/v2\/product_cat?post=2227"},{"taxonomy":"product_tag","embeddable":true,"href":"https:\/\/serviciosuruguayos.uy\/en\/wp-json\/wp\/v2\/product_tag?post=2227"}],"curies":[{"name":"wp","href":"https:\/\/api.w.org\/{rel}","templated":true}]}}